{"id":39,"date":"2023-01-16T13:14:25","date_gmt":"2023-01-16T13:14:25","guid":{"rendered":"https:\/\/budapest-stag-do.com\/about-us\/"},"modified":"2026-02-24T08:25:32","modified_gmt":"2026-02-24T08:25:32","slug":"uber-uns","status":"publish","type":"page","link":"https:\/\/budapest-stag-do.com\/de\/uber-uns\/","title":{"rendered":"\u00dcber uns"},"content":{"rendered":"<p>Mein Team und ich von Budapest Stag Do haben es sich zur Aufgabe gemacht, Ihr Junggesellenwochenende in Budapest zu einem unvergesslichen Erlebnis werden zu lassen. Wir verstehen, dass die Organisation einer Reise \u00fcberw\u00e4ltigend sein kann, besonders f\u00fcr einen Junggesellenabschied, aber keine Angst, wir haben alles im Griff.<\/p>\n\n\n\n<h2 class=\"wp-block-heading\">Unser Versprechen f\u00fcr herausragenden Service<\/h2>\n\n\n\n<p>Wir versprechen Ihnen einen vorbildlichen Service und sorgen daf\u00fcr, dass alles reibungslos abl\u00e4uft. Bei jedem Schritt arbeiten wir eng mit Ihnen zusammen und gestalten eine<strong> ma\u00dfgeschneiderte Reiseroute <\/strong>die auf die besonderen Vorlieben und W\u00fcnsche Ihrer Gruppe abgestimmt sind.<\/p>\n\n\n\n<p>Dank unserer umfassenden Kenntnisse \u00fcber Budapest k\u00f6nnen wir Sie vor h\u00e4ufigen Fehltritten bewahren und Ihr Stadterlebnis verbessern. Ob es um das Aufsp\u00fcren von <strong>erstklassige Unterk\u00fcnfte <\/strong>Ob in der N\u00e4he der belebten Zentren oder um sicherzustellen, dass die von Ihnen gew\u00e4hlten Aktivit\u00e4ten aufregend und dennoch sicher sind, wir haben f\u00fcr jedes Detail gesorgt.<\/p>\n\n\n\n<figure class=\"wp-block-image size-large\"><img decoding=\"async\" src=\"https:\/\/budapest-stag-do.com\/wp-content\/uploads\/hungary-1024x697.webp\" alt=\"Ungarn. Budapest. Blick auf das Parlament durch die Fischerbastei.\" class=\"wp-image-921\"\/><figcaption class=\"wp-element-caption\">Budapest ist ein architektonisch beeindruckendes Reiseziel<\/figcaption><\/figure>\n\n\n\n<p>Unser Hauptziel ist es, f\u00fcr Sie und Ihre Kameraden ein legend\u00e4res Wochenende mit unvergesslichen Momenten zu gestalten.<\/p>\n\n\n\n<h2 class=\"wp-block-heading\">Unser Wissen \u00fcber die Planung von Junggesellenabschieden<\/h2>\n\n\n\n<p>Wir von Budapest Stag Do haben uns im Laufe der Jahre den Ruf erworben, unvergessliche Junggesellen-Wochenenden zu veranstalten. Wir verstehen den Kern eines bemerkenswerten Junggesellenabschieds und sind bestrebt, die gleiche Vitalit\u00e4t und Aufregung nach Budapest zu bringen.<\/p>\n\n\n\n<p>Unsere flexiblen Buchungsl\u00f6sungen vereinfachen die Aufgabe der Organisation von <strong>eine au\u00dfergew\u00f6hnliche Junggesellen-Eskapade<\/strong>So k\u00f6nnen Sie sich entspannen und Ihre Energie f\u00fcr ein unvergleichliches Abenteuer aufsparen. Dar\u00fcber hinaus k\u00f6nnen Sie als finanziell abgesicherte Einheit mit Zuversicht voranschreiten, da Sie wissen, dass Ihre Einlage in vertrauensw\u00fcrdigen H\u00e4nden ist.<\/p>\n\n\n\n<p>Unser Markenzeichen ist die Bereitstellung <strong>au\u00dfergew\u00f6hnlicher Service zu unschlagbaren Preisen<\/strong>sowie die Aufrechterhaltung starker Allianzen mit unseren Partnerunternehmen. Diese Partner bieten ein breites Spektrum an Erlebnissen, von der Erkundung der malerischen Landschaften Budapests bis hin zum Eintauchen in das pulsierende Nachtleben der Stadt.<\/p>\n\n\n\n<h2 class=\"wp-block-heading\">Unser aufmerksamer Ansatz<\/h2>\n\n\n\n<p>Wir wissen, dass jede Gruppe von Freunden ihr eigenes Flair mitbringt. Deshalb schneidern wir Ihr Budapester Junggesellenwochenende so, dass es perfekt zu Ihnen passt. Indem wir uns auf eure W\u00fcnsche und Vorgaben einstellen, schaffen wir ein einzigartiges Erlebnis, das bei eurer Gruppe Anklang findet.<\/p>\n\n\n\n<p>Unser engagiertes Team k\u00fcmmert sich um die Planung und Durchf\u00fchrung, um einen reibungslosen Ablauf zu gew\u00e4hrleisten. <strong>ohne zus\u00e4tzliche Kosten<\/strong>.<\/p>\n\n\n\n<figure class=\"wp-block-image size-large\"><img decoding=\"async\" src=\"https:\/\/budapest-stag-do.com\/wp-content\/uploads\/szechenyi-thermal-baths-in-budapest-stockpack-adobe-stock-1024x683.webp\" alt=\"Szechenyi Thermalb\u00e4der in Budapest.\" class=\"wp-image-923\"\/><figcaption class=\"wp-element-caption\">Die Thermalb\u00e4der in Budapest sind g\u00f6ttlich<\/figcaption><\/figure>\n\n\n\n<p>Mit kontinuierlicher Unterst\u00fctzung werden alle Fragen und Hindernisse, auf die Sie w\u00e4hrend Ihres Aufenthalts in Budapest sto\u00dfen, schnell gel\u00f6st. Wir versorgen Sie mit allen wichtigen Informationen, damit Sie mit ganzem Herzen in die pulsierende Energie dieses lebendigen Reiseziels eintauchen k\u00f6nnen.<\/p>\n\n\n\n<h2 class=\"wp-block-heading\">Planen Sie den ultimativen Junggesellenabschied mit uns!<\/h2>\n\n\n\n<p>Mit unserem fundierten Fachwissen und unserer Kenntnis der Region k\u00f6nnen Sie <strong>m\u00f6gliche Fehltritte vermeiden<\/strong> und un\u00fcberlegte Pl\u00e4ne, wodurch Zeit und Geld gespart werden.<\/p>\n\n\n\n<p><strong>Lassen Sie uns helfen<\/strong> bei der Inszenierung der ultimativen Hommage an die letzten Tage des Single-Daseins des Junggesellen. Setzen Sie sich noch heute mit uns in Verbindung, um ein unvergessliches Wochenende in Budapest zu organisieren.<\/p>\n\n\n\n<p>Wenn Sie an anderen Reisezielen f\u00fcr Junggesellenabschiede interessiert sind, sehen Sie sich die folgende Liste an:<\/p>\n\n\n\n<ul class=\"wp-block-list\">\n<li><a href=\"https:\/\/amsterdam-stag-do.com\/\">Amsterdam Junggesellenabschied<\/a><\/li>\n\n\n\n<li><a href=\"https:\/\/berlin-stag-do.com\/\">Berlin Junggesellenabschied<\/a><\/li>\n\n\n\n<li><a href=\"https:\/\/hamburgstagdo.com\/\">Hamburger Junggesellenabschied<\/a><\/li>\n\n\n\n<li><a href=\"https:\/\/hvarstagdo.com\/\">Hvar Junggesellenabschied<\/a><\/li>\n\n\n\n<li><a href=\"https:\/\/lisbonstagdo.com\/\">Lissabon Junggesellenabschied<\/a><\/li>\n\n\n\n<li><a href=\"https:\/\/munichstagdo.com\/\">M\u00fcnchener Junggesellenabschied<\/a><\/li>\n\n\n\n<li><a href=\"https:\/\/prague-stag-do.com\/\">Prag Junggesellenabschied<\/a><\/li>\n\n\n\n<li><a href=\"https:\/\/riga-stag-do.com\/\">Rigaer Junggesellenabschied<\/a><\/li>\n\n\n\n<li><a href=\"https:\/\/stagpartyljubljana.com\/\">Junggesellenabschied Ljubljana<\/a><\/li>\n\n\n\n<li><a href=\"https:\/\/ibizastagdo.com\">Ibiza Junggesellenabschied<\/a><\/li>\n\n\n\n<li><a href=\"https:\/\/benidorm-stag-do.com\/\">Benidorm Junggesellenabschied<\/a><\/li>\n\n\n\n<li><a href=\"https:\/\/stagdovegas.com\/\">Junggesellenabschied Vegas<\/a><\/li>\n\n\n\n<li><a href=\"https:\/\/stagdobarcelona.com\/\">Junggesellenabschied Barcelona<\/a><\/li>\n\n\n\n<li><a href=\"https:\/\/stagdozagreb.com\/\">Junggesellenabschied Zagreb<\/a><\/li>\n\n\n\n<li><a href=\"https:\/\/splitstagdo.com\/\">Split Junggesellenabschied<\/a><\/li>\n\n\n\n<li><a href=\"https:\/\/dubrovnikstagdo.com\/\">Dubrovnik Junggesellenabschied<\/a><\/li>\n\n\n\n<li><a href=\"https:\/\/madridstagdo.com\/\">Madrid Junggesellenabschied<\/a><\/li>\n\n\n\n<li><a href=\"https:\/\/bucharest-stag-do.com\/\">Bukarest Junggesellenabschied<\/a><\/li>\n\n\n\n<li><a href=\"https:\/\/albufeirastagdo.com\/\">Albufeira Junggesellenabschied<\/a><\/li>\n\n\n\n<li><a href=\"https:\/\/dublinstagdo.com\/\">Dublin Junggesellenabschied<\/a><\/li>\n\n\n\n<li><a href=\"https:\/\/stagdokrakow.com\/\">Krakau Junggesellenabschied<\/a><\/li>\n<\/ul>","protected":false},"excerpt":{"rendered":"<p>Mein Team und ich von Budapest Stag Do haben es sich zur Aufgabe gemacht, Ihr Junggesellenwochenende in Budapest zu einem unvergesslichen Erlebnis werden zu lassen. Wir verstehen, dass die Organisation einer Reise \u00fcberw\u00e4ltigend sein kann, besonders f\u00fcr einen Junggesellenabschied, aber keine Angst, wir haben alles f\u00fcr Sie. Unser Versprechen f\u00fcr herausragenden Service Wir versprechen, einen beispielhaften Service zu bieten und sicherzustellen ... <a href=\"https:\/\/budapest-stag-do.com\/de\/uber-uns\/\">Fortsetzung<\/a><\/p>","protected":false},"author":36,"featured_media":918,"parent":0,"menu_order":0,"comment_status":"closed","ping_status":"closed","template":"","meta":{"footnotes":""},"class_list":["post-39","page","type-page","status-publish","has-post-thumbnail","hentry"],"acf":{"page_subheading":"Meet the team behind Budapest Stag Do, wielding extensive experience and a personalized approach to ensure your Budapest stag weekend remains etched in memory."},"_links":{"self":[{"href":"https:\/\/budapest-stag-do.com\/de\/wp-json\/wp\/v2\/pages\/39","targetHints":{"allow":["GET"]}}],"collection":[{"href":"https:\/\/budapest-stag-do.com\/de\/wp-json\/wp\/v2\/pages"}],"about":[{"href":"https:\/\/budapest-stag-do.com\/de\/wp-json\/wp\/v2\/types\/page"}],"author":[{"embeddable":true,"href":"https:\/\/budapest-stag-do.com\/de\/wp-json\/wp\/v2\/users\/36"}],"replies":[{"embeddable":true,"href":"https:\/\/budapest-stag-do.com\/de\/wp-json\/wp\/v2\/comments?post=39"}],"version-history":[{"count":10,"href":"https:\/\/budapest-stag-do.com\/de\/wp-json\/wp\/v2\/pages\/39\/revisions"}],"predecessor-version":[{"id":7013,"href":"https:\/\/budapest-stag-do.com\/de\/wp-json\/wp\/v2\/pages\/39\/revisions\/7013"}],"wp:featuredmedia":[{"embeddable":true,"href":"https:\/\/budapest-stag-do.com\/de\/wp-json\/wp\/v2\/media\/918"}],"wp:attachment":[{"href":"https:\/\/budapest-stag-do.com\/de\/wp-json\/wp\/v2\/media?parent=39"}],"curies":[{"name":"wp","href":"https:\/\/api.w.org\/{rel}","templated":true}]}}