{"id":872,"date":"2023-09-28T20:04:39","date_gmt":"2023-09-28T20:04:39","guid":{"rendered":"https:\/\/budapest-stag-do.com\/?page_id=872"},"modified":"2023-10-03T06:27:50","modified_gmt":"2023-10-03T06:27:50","slug":"wie-man-nach-budapest-kommt","status":"publish","type":"page","link":"https:\/\/budapest-stag-do.com\/de\/wie-man-nach-budapest-kommt\/","title":{"rendered":"Wie kommt man nach Budapest?"},"content":{"rendered":"<p>Budapest ist ein beliebter Hotspot f\u00fcr Reisende, mit seinen <strong>historische Architektur<\/strong>Das pulsierende Nachtleben und die malerischen Aussichten machen den Reiz der Stadt aus. Egal, ob Sie einen ruhigen Kurzurlaub oder ein aufregendes Junggesellenabschiedswochenende planen, die Anreise nach Budapest ist einfach und problemlos. In diesem Leitfaden stellen wir Ihnen die verschiedenen Wege zu diesem wundersch\u00f6nen europ\u00e4ischen Juwel vor.<\/p>\n\n\n\n<figure class=\"wp-block-image size-large\"><img decoding=\"async\" src=\"https:\/\/budapest-stag-do.com\/wp-content\/uploads\/arrivals-budapest-1024x683.webp\" alt=\"Ank\u00fcnfte\" class=\"wp-image-930\"\/><figcaption class=\"wp-element-caption\">Ankunft am Flughafen Ferenc Liszt<\/figcaption><\/figure>\n\n\n\n<h2 class=\"wp-block-heading\">Nach Budapest fliegen<\/h2>\n\n\n\n<p>Die direkteste und schnellste Art, Budapest zu erreichen, ist mit dem Flugzeug. Budapest <strong>Internationaler Flughafen Ferenc Liszt <\/strong>(BUD) ist reibungslos mit zahlreichen wichtigen europ\u00e4ischen St\u00e4dten verbunden, darunter auch London. Verschiedene Fluggesellschaften bieten Fl\u00fcge von London nach Budapest an, darunter Billigflieger wie Ryanair und easyJet, aber auch Full-Service-Airlines wie British Airways.<\/p>\n\n\n\n<p>Bei Ihrer Ankunft k\u00f6nnen wir f\u00fcr Sie Folgendes arrangieren <a href=\"https:\/\/budapest-stag-do.com\/de\/uberweisungen\/\">Sie vom Flughafen abholen<\/a> und bringen Sie zu Ihrer Unterkunft.<\/p>\n\n\n\n<h2 class=\"wp-block-heading\">Nehmen Sie eine Hochgeschwindigkeitsf\u00e4hre<\/h2>\n\n\n\n<p>Die malerischste und angenehmste Art, Budapest zu erreichen, ist die Fahrt mit einer Hochgeschwindigkeitsf\u00e4hre von Wien aus. Die Donau stellt eine nahtlose Verbindung zwischen diesen beiden historischen St\u00e4dten her und macht die Reise nicht nur zu einem Transportmittel, sondern zu einem landschaftlichen Abenteuer. Auf dieser Strecke verkehren verschiedene Anbieter, die eine entspannte und visuell faszinierende Reise durch das Herz Mitteleuropas anbieten.<\/p>\n\n\n\n<p>Bei Ihrer Ankunft in Budapest k\u00f6nnen wir Sie am F\u00e4hrterminal abholen und Sie direkt zu Ihrer Unterkunft begleiten. Auf diese Weise wird der \u00dcbergang von der ruhigen Flussfahrt zu der energiegeladenen Atmosph\u00e4re von Budapest reibungslos und stressfrei sein und den richtigen Ton f\u00fcr ein episches Junggesellenwochenende setzen.<\/p>\n\n\n\n<h2 class=\"wp-block-heading\">Mit dem Zug nach Budapest<\/h2>\n\n\n\n<p>Die meisten <strong>unkomplizierte und effiziente Methode<\/strong> Budapest ist am besten mit dem Zug zu erreichen. Der Budapester Bahnhof verf\u00fcgt \u00fcber ausgezeichnete Verbindungen zu den wichtigsten ungarischen St\u00e4dten, darunter auch Debrecen. Von Debrecen aus k\u00f6nnen Sie leicht zu anderen wichtigen europ\u00e4ischen Reisezielen weiterreisen, was die Stadt zu einem geeigneten Transitpunkt macht.<\/p>\n\n\n\n<p>Bei Ihrer Ankunft am Budapester Bahnhof holen wir Sie gerne ab und bringen Sie direkt zu Ihrer Unterkunft.<\/p>\n\n\n\n<h2 class=\"wp-block-heading\">Fortbewegung in Budapest<\/h2>\n\n\n\n<p>Sobald Sie in Budapest gelandet sind, haben Sie verschiedene M\u00f6glichkeiten, sich in der Stadt zurechtzufinden. Sie k\u00f6nnen ein Auto mieten, ein Taxi nehmen oder die \u00f6ffentlichen Verkehrsmittel benutzen. F\u00fcr ein nahtloses Erlebnis ohne logistische Sorgen, <a href=\"https:\/\/budapest-stag-do.com\/de\/uberweisungen\/\">unsere Transfers ber\u00fccksichtigen<\/a>.<\/p>\n\n\n\n<figure class=\"wp-block-image size-large\"><img decoding=\"async\" src=\"https:\/\/budapest-stag-do.com\/wp-content\/uploads\/budapest-in-autumn-1024x580.webp\" alt=\"Budapest im Herbst\" class=\"wp-image-931\"\/><figcaption class=\"wp-element-caption\">Budapest ist einfach zu erreichen und noch einfacher zu bewundern.<\/figcaption><\/figure>\n\n\n\n<p>Zusammenfassend l\u00e4sst sich sagen, dass Budapest einfach und problemlos zu erreichen ist, mit verschiedenen Optionen, die Ihren Vorlieben und Ihrem Budget entsprechen. Egal, ob Sie mit dem Flugzeug oder dem Zug anreisen, Sie werden sich in dieser lebendigen Stadt wiederfinden, bereit, ein episches Junggesellenwochenende zu beginnen.<\/p>","protected":false},"excerpt":{"rendered":"<p>Budapest ist ein beliebter Hotspot f\u00fcr Reisende. Die historische Architektur, das pulsierende Nachtleben und die malerischen Aussichten machen den Reiz aus. Egal, ob Sie einen ruhigen Kurzurlaub oder ein aufregendes Junggesellenabschiedswochenende suchen, die Anreise nach Budapest ist einfach und problemlos. In diesem Leitfaden stellen wir Ihnen die verschiedenen Wege zu diesem wundersch\u00f6nen europ\u00e4ischen Juwel vor. Fliegen nach Budapest ... <a href=\"https:\/\/budapest-stag-do.com\/de\/wie-man-nach-budapest-kommt\/\">Fortsetzung<\/a><\/p>","protected":false},"author":36,"featured_media":927,"parent":0,"menu_order":0,"comment_status":"closed","ping_status":"closed","template":"","meta":{"footnotes":""},"class_list":["post-872","page","type-page","status-publish","has-post-thumbnail","hentry"],"acf":{"page_subheading":"Discover the prime routes to the party heartland of Budapest for your stag bash. Explore flying into Budapest or taking the train for your thrilling journey."},"_links":{"self":[{"href":"https:\/\/budapest-stag-do.com\/de\/wp-json\/wp\/v2\/pages\/872","targetHints":{"allow":["GET"]}}],"collection":[{"href":"https:\/\/budapest-stag-do.com\/de\/wp-json\/wp\/v2\/pages"}],"about":[{"href":"https:\/\/budapest-stag-do.com\/de\/wp-json\/wp\/v2\/types\/page"}],"author":[{"embeddable":true,"href":"https:\/\/budapest-stag-do.com\/de\/wp-json\/wp\/v2\/users\/36"}],"replies":[{"embeddable":true,"href":"https:\/\/budapest-stag-do.com\/de\/wp-json\/wp\/v2\/comments?post=872"}],"version-history":[{"count":6,"href":"https:\/\/budapest-stag-do.com\/de\/wp-json\/wp\/v2\/pages\/872\/revisions"}],"predecessor-version":[{"id":1092,"href":"https:\/\/budapest-stag-do.com\/de\/wp-json\/wp\/v2\/pages\/872\/revisions\/1092"}],"wp:featuredmedia":[{"embeddable":true,"href":"https:\/\/budapest-stag-do.com\/de\/wp-json\/wp\/v2\/media\/927"}],"wp:attachment":[{"href":"https:\/\/budapest-stag-do.com\/de\/wp-json\/wp\/v2\/media?parent=872"}],"curies":[{"name":"wp","href":"https:\/\/api.w.org\/{rel}","templated":true}]}}