{"id":872,"date":"2023-09-28T20:04:39","date_gmt":"2023-09-28T20:04:39","guid":{"rendered":"https:\/\/budapest-stag-do.com\/?page_id=872"},"modified":"2023-10-03T06:27:50","modified_gmt":"2023-10-03T06:27:50","slug":"come-arrivare-a-budapest","status":"publish","type":"page","link":"https:\/\/budapest-stag-do.com\/it\/come-arrivare-a-budapest\/","title":{"rendered":"Come arrivare a Budapest?"},"content":{"rendered":"<p>Budapest \u00e8 una meta molto amata dai viaggiatori, con le sue <strong>architettura storica<\/strong>Il fascino di Budapest \u00e8 evidente, grazie alla sua vivace vita notturna e ai suoi panorami pittoreschi. Che siate alla ricerca di una fuga serena o di un elettrizzante weekend di addio al celibato, arrivare a Budapest \u00e8 semplice e senza problemi. In questa guida, approfondiremo i diversi percorsi per raggiungere questo splendido gioiello europeo.<\/p>\n\n\n\n<figure class=\"wp-block-image size-large\"><img decoding=\"async\" src=\"https:\/\/budapest-stag-do.com\/wp-content\/uploads\/arrivals-budapest-1024x683.webp\" alt=\"Arrivi\" class=\"wp-image-930\"\/><figcaption class=\"wp-element-caption\">Arrivo all'aeroporto Ferenc Liszt<\/figcaption><\/figure>\n\n\n\n<h2 class=\"wp-block-heading\">Volare a Budapest<\/h2>\n\n\n\n<p>Il modo pi\u00f9 diretto e veloce per raggiungere Budapest \u00e8 l'aereo. Budapest <strong>Aeroporto internazionale Ferenc Liszt <\/strong>(BUD) \u00e8 collegata senza problemi a numerose citt\u00e0 europee, tra cui Londra. Diverse compagnie aeree operano voli da Londra a Budapest, tra cui vettori economici come Ryanair e easyJet, nonch\u00e9 compagnie aeree a servizio completo come British Airways.<\/p>\n\n\n\n<p>Al vostro arrivo, possiamo organizzare <a href=\"https:\/\/budapest-stag-do.com\/it\/trasferimenti\/\">venirvi a prendere all'aeroporto<\/a> e vi trasporter\u00e0 al vostro alloggio.<\/p>\n\n\n\n<h2 class=\"wp-block-heading\">Prendere un traghetto ad alta velocit\u00e0<\/h2>\n\n\n\n<p>Il modo pi\u00f9 pittoresco e divertente per raggiungere Budapest \u00e8 il traghetto ad alta velocit\u00e0 da Vienna. Il fiume Danubio collega senza soluzione di continuit\u00e0 queste due citt\u00e0 storiche, rendendo il viaggio non solo un mezzo di trasporto, ma anche un'avventura paesaggistica. Diversi fornitori di servizi operano su questa rotta, offrendo un viaggio rilassante e visivamente accattivante attraverso il cuore dell'Europa centrale.<\/p>\n\n\n\n<p>Al vostro arrivo a Budapest, possiamo organizzare un incontro con voi al terminal dei traghetti e accompagnarvi direttamente al vostro alloggio. In questo modo, il passaggio dalla serena crociera fluviale all'atmosfera energica di Budapest sar\u00e0 fluido e senza problemi, dando il giusto tono a un epico weekend di addio al celibato.<\/p>\n\n\n\n<h2 class=\"wp-block-heading\">Prendere il treno per Budapest<\/h2>\n\n\n\n<p>Il pi\u00f9 <strong>metodo semplice ed efficiente<\/strong> per raggiungere Budapest \u00e8 il treno. La stazione ferroviaria di Budapest vanta ottimi collegamenti con le principali citt\u00e0 ungheresi, tra cui Debrecen. Da Debrecen \u00e8 possibile raggiungere facilmente altre importanti destinazioni europee, il che la rende un ottimo punto di transito.<\/p>\n\n\n\n<p>Al vostro arrivo alla stazione ferroviaria di Budapest, possiamo organizzare il prelievo e il trasporto direttamente al vostro alloggio.<\/p>\n\n\n\n<h2 class=\"wp-block-heading\">Come muoversi a Budapest<\/h2>\n\n\n\n<p>Una volta atterrati a Budapest, la citt\u00e0 offre diverse possibilit\u00e0 di spostamento. Potete noleggiare un'auto, prendere un taxi o usare i mezzi pubblici. Tuttavia, per un'esperienza senza soluzione di continuit\u00e0 e priva di preoccupazioni logistiche, <a href=\"https:\/\/budapest-stag-do.com\/it\/trasferimenti\/\">considerare i nostri trasferimenti<\/a>.<\/p>\n\n\n\n<figure class=\"wp-block-image size-large\"><img decoding=\"async\" src=\"https:\/\/budapest-stag-do.com\/wp-content\/uploads\/budapest-in-autumn-1024x580.webp\" alt=\"Budapest in autunno\" class=\"wp-image-931\"\/><figcaption class=\"wp-element-caption\">Budapest \u00e8 semplice da raggiungere e ancora pi\u00f9 semplice da adorare.<\/figcaption><\/figure>\n\n\n\n<p>In conclusione, raggiungere Budapest \u00e8 semplice e senza problemi, con diverse opzioni che si adattano alle vostre preferenze e al vostro budget. Sia che arriviate in aereo o in treno, vi ritroverete in questa vivace citt\u00e0, pronti a iniziare un epico weekend di addio al celibato.<\/p>","protected":false},"excerpt":{"rendered":"<p>Budapest \u00e8 una meta molto amata dai viaggiatori, con la sua architettura storica, la sua vivace vita notturna e i suoi panorami pittoreschi, il fascino \u00e8 evidente. Che siate alla ricerca di una fuga serena o di un elettrizzante weekend di addio al celibato, arrivare a Budapest \u00e8 semplice e senza problemi. In questa guida, approfondiremo i diversi percorsi per raggiungere questo splendido gioiello europeo. Volare a Budapest ... <a href=\"https:\/\/budapest-stag-do.com\/it\/come-arrivare-a-budapest\/\">Continua<\/a><\/p>","protected":false},"author":36,"featured_media":927,"parent":0,"menu_order":0,"comment_status":"closed","ping_status":"closed","template":"","meta":{"footnotes":""},"class_list":["post-872","page","type-page","status-publish","has-post-thumbnail","hentry"],"acf":{"page_subheading":"Discover the prime routes to the party heartland of Budapest for your stag bash. Explore flying into Budapest or taking the train for your thrilling journey."},"_links":{"self":[{"href":"https:\/\/budapest-stag-do.com\/it\/wp-json\/wp\/v2\/pages\/872","targetHints":{"allow":["GET"]}}],"collection":[{"href":"https:\/\/budapest-stag-do.com\/it\/wp-json\/wp\/v2\/pages"}],"about":[{"href":"https:\/\/budapest-stag-do.com\/it\/wp-json\/wp\/v2\/types\/page"}],"author":[{"embeddable":true,"href":"https:\/\/budapest-stag-do.com\/it\/wp-json\/wp\/v2\/users\/36"}],"replies":[{"embeddable":true,"href":"https:\/\/budapest-stag-do.com\/it\/wp-json\/wp\/v2\/comments?post=872"}],"version-history":[{"count":6,"href":"https:\/\/budapest-stag-do.com\/it\/wp-json\/wp\/v2\/pages\/872\/revisions"}],"predecessor-version":[{"id":1092,"href":"https:\/\/budapest-stag-do.com\/it\/wp-json\/wp\/v2\/pages\/872\/revisions\/1092"}],"wp:featuredmedia":[{"embeddable":true,"href":"https:\/\/budapest-stag-do.com\/it\/wp-json\/wp\/v2\/media\/927"}],"wp:attachment":[{"href":"https:\/\/budapest-stag-do.com\/it\/wp-json\/wp\/v2\/media?parent=872"}],"curies":[{"name":"wp","href":"https:\/\/api.w.org\/{rel}","templated":true}]}}